{"id":10,"date":"2017-12-03T09:18:17","date_gmt":"2017-12-03T09:18:17","guid":{"rendered":"https:\/\/mthemes.net\/cm\/trem\/theme\/?page_id=10"},"modified":"2024-11-13T14:35:23","modified_gmt":"2024-11-13T13:35:23","slug":"o-mnie","status":"publish","type":"page","link":"https:\/\/radziwonko.pl\/en\/o-mnie\/","title":{"rendered":"About"},"content":{"rendered":"<p><img loading=\"lazy\" decoding=\"async\" class=\"wp-image-104  aligncenter\" src=\"https:\/\/radziwonko.pl\/wp-content\/uploads\/2022\/11\/r-spray-1200x1200-1-300x300.png\" alt=\"\" width=\"370\" height=\"370\" srcset=\"https:\/\/radziwonko.pl\/wp-content\/uploads\/2022\/11\/r-spray-1200x1200-1-300x300.png 300w, https:\/\/radziwonko.pl\/wp-content\/uploads\/2022\/11\/r-spray-1200x1200-1-1024x1024.png 1024w, https:\/\/radziwonko.pl\/wp-content\/uploads\/2022\/11\/r-spray-1200x1200-1-150x150.png 150w, https:\/\/radziwonko.pl\/wp-content\/uploads\/2022\/11\/r-spray-1200x1200-1-768x768.png 768w, https:\/\/radziwonko.pl\/wp-content\/uploads\/2022\/11\/r-spray-1200x1200-1.png 1200w\" sizes=\"auto, (max-width: 370px) 100vw, 370px\" \/><\/p>\n<p> &nbsp; <\/p>\n<h4 class=\"intro\" style=\"text-align: center;\">Hi, my name is Mateusz Radziwonko and I am a graphic designer from Warsaw. I have more than 6 years of experience in the industry, during this time I had the pleasure of working on projects for brands such as:<\/h4>\n<p>&nbsp; <\/p>\n<h4 style=\"text-align: center;\"><span style=\"color: #bebebe;\">Bugaboo <\/span><span style=\"color: #000000;\">Durex<\/span> <span style=\"color: #bebebe;\">Echo Investment<\/span> Felix <span style=\"color: #bebebe;\">Glanbia<\/span> Glo <span style=\"color: #bebebe;\">La Roche Possay<\/span> L&#8217;Oreal <span style=\"color: #bebebe;\">Millenium<\/span> Nespresso <span style=\"color: #bebebe;\">Skyy Vodka<\/span> Vuse<span style=\"color: #bebebb;\">&#8230;<\/span><\/h4>\n<p>&nbsp; <\/p>\n<h4 style=\"text-align: center;\">I specialise in UX\/UI design, branding, e-commerce and many other areas of graphic design. Would you like to know how I could help with your project?<\/h4>\n<p>&nbsp;<\/p>\n\n\n<div class=\"wp-block-buttons has-custom-font-size has-medium-font-size is-content-justification-center is-layout-flex wp-container-core-buttons-is-layout-5e6b19ed wp-block-buttons-is-layout-flex\">\n<div class=\"wp-block-button has-custom-font-size is-style-outline is-style-outline--1\" style=\"font-size:18px\"><a class=\"wp-block-button__link has-black-color has-text-color has-background wp-element-button\" href=\"https:\/\/radziwonko.pl\/en\/kontakt\/\" style=\"border-radius:100px;background-color:#00000000\">Feel free to ask me! &nbsp;  <img loading=\"lazy\" decoding=\"async\" width=\"70\" height=\"70\" class=\"wp-image-303\" style=\"width: 70px;\" src=\"https:\/\/radziwonko.pl\/wp-content\/uploads\/2022\/12\/strzalka.svg\" alt=\"\"><\/a><\/div>\n<\/div>\n\n\n<p>&nbsp;<\/p>\n\n\n<p class=\"has-text-align-center\"><br><br><em>~Mateusz<\/em><\/p>\n\n\n<p>&nbsp;<\/p>","protected":false},"excerpt":{"rendered":"<p>&nbsp; Cze\u015b\u0107, nazywam si\u0119 Mateusz Radziwonko i jestem projektantem graficznym z Warszawy. Mam ponad 6-cio letnie do\u015bwiadczenie w&nbsp;zawodzie, w tym czasie mia\u0142em przyjemno\u015b\u0107 pracowa\u0107 przy projektach dla takich marek jak: &nbsp; Bugaboo Durex Echo Investment Felix Glanbia Glo La Roche Possay L&#8217;Oreal Millenium Nespresso Skyy Vodka Vuse&#8230; &nbsp; Specjalizuj\u0119 si\u0119 mi\u0119dzy innymi w projektowaniu UX\/UI, [&hellip;]<\/p>","protected":false},"author":1,"featured_media":0,"parent":0,"menu_order":0,"comment_status":"closed","ping_status":"closed","template":"","meta":{"inline_featured_image":false,"footnotes":""},"class_list":["post-10","page","type-page","status-publish","hentry"],"_links":{"self":[{"href":"https:\/\/radziwonko.pl\/en\/wp-json\/wp\/v2\/pages\/10","targetHints":{"allow":["GET"]}}],"collection":[{"href":"https:\/\/radziwonko.pl\/en\/wp-json\/wp\/v2\/pages"}],"about":[{"href":"https:\/\/radziwonko.pl\/en\/wp-json\/wp\/v2\/types\/page"}],"author":[{"embeddable":true,"href":"https:\/\/radziwonko.pl\/en\/wp-json\/wp\/v2\/users\/1"}],"replies":[{"embeddable":true,"href":"https:\/\/radziwonko.pl\/en\/wp-json\/wp\/v2\/comments?post=10"}],"version-history":[{"count":46,"href":"https:\/\/radziwonko.pl\/en\/wp-json\/wp\/v2\/pages\/10\/revisions"}],"predecessor-version":[{"id":393,"href":"https:\/\/radziwonko.pl\/en\/wp-json\/wp\/v2\/pages\/10\/revisions\/393"}],"wp:attachment":[{"href":"https:\/\/radziwonko.pl\/en\/wp-json\/wp\/v2\/media?parent=10"}],"curies":[{"name":"wp","href":"https:\/\/api.w.org\/{rel}","templated":true}]}}